{"id":63,"date":"2021-06-01T14:40:26","date_gmt":"2021-06-01T12:40:26","guid":{"rendered":"https:\/\/site.testsida.dk\/?page_id=63"},"modified":"2021-07-12T13:50:01","modified_gmt":"2021-07-12T13:50:01","slug":"contact","status":"publish","type":"page","link":"https:\/\/relational.se\/en\/contact\/","title":{"rendered":"Contact"},"content":{"rendered":"\t\t<div data-elementor-type=\"wp-page\" data-elementor-id=\"63\" class=\"elementor elementor-63\">\n\t\t\t\t\t\t\t\t\t<section class=\"elementor-section elementor-top-section elementor-element elementor-element-4d8d923 elementor-section-boxed elementor-section-height-default elementor-section-height-default\" data-id=\"4d8d923\" data-element_type=\"section\">\n\t\t\t\t\t\t<div class=\"elementor-container elementor-column-gap-default\">\n\t\t\t\t\t<div class=\"elementor-column elementor-col-50 elementor-top-column elementor-element elementor-element-dc0095e\" data-id=\"dc0095e\" data-element_type=\"column\">\n\t\t\t<div class=\"elementor-widget-wrap elementor-element-populated\">\n\t\t\t\t\t\t\t\t<div class=\"elementor-element elementor-element-563e225 elementor-widget elementor-widget-text-editor\" data-id=\"563e225\" data-element_type=\"widget\" data-widget_type=\"text-editor.default\">\n\t\t\t\t<div class=\"elementor-widget-container\">\n\t\t\t\t\t\t\t<h2>Kontakta mig<\/h2>\n<h3>SG Semantor<\/h3>\n<ul class=\"Kontakt\">\n<li>Suzanne Gieser<\/li>\n<li>004670-2361089<\/li>\n<li>email: <a href=\"mailto:sg@gieser.se\">sg@gieser.se<\/a><\/li>\n<\/ul>\n<h2>Find me<\/h2>\n<p>I have my clinic at H\u00e4lsans Hus (House of Health) in the City of Stockholm. Fj\u00e4llgatan 23 B, 116 28 Stockholm<\/p>\n<p><!-- \/wp:paragraph --><!-- wp:heading --><\/p>\n<h2>Payment<\/h2>\n<p><!-- \/wp:heading --><!-- wp:paragraph --><\/p>\n<p>Appointments to my practice are payed by invoice. Contact me for current prices.<\/p>\n<p><!-- \/wp:paragraph --><!-- wp:paragraph --><\/p>\n<p>I offer therapy\/ consulations online<\/p>\n<h2><img decoding=\"async\" src=\"https:\/\/relational.se\/images\/kartan.gif\" alt=\"\" \/>To get to H\u00e4lsans Hus<\/h2>\n<p><!-- \/wp:paragraph --><!-- wp:image --><\/p>\n<p><!-- \/wp:image --><!-- wp:heading --><\/p>\n<p><!-- \/wp:heading --><!-- wp:paragraph --><\/p>\n<p>you need to take the subway to Slussen (exit the main entrance: S\u00f6dermalmstorg). Thereafter you can either take a beautiful ten minute walk along Katarinav\u00e4gen with a view of the water on your left hand side or take buses 3 or 2 from Slussen to Tj\u00e4rhovsgatan (which is the second stop). Once you enter H\u00e4lsans Hus, go up the stairs to the first floor, my room is in the silent corridor to the right. If you come early, there is a waiting room.<\/p>\n<p><!-- \/wp:paragraph --><\/p>\t\t\t\t\t\t<\/div>\n\t\t\t\t<\/div>\n\t\t\t\t\t<\/div>\n\t\t<\/div>\n\t\t\t\t<div class=\"elementor-column elementor-col-50 elementor-top-column elementor-element elementor-element-696a9df\" data-id=\"696a9df\" data-element_type=\"column\">\n\t\t\t<div class=\"elementor-widget-wrap elementor-element-populated\">\n\t\t\t\t\t\t\t\t<div class=\"elementor-element elementor-element-b577080 elementor-widget elementor-widget-html\" data-id=\"b577080\" data-element_type=\"widget\" data-widget_type=\"html.default\">\n\t\t\t\t<div class=\"elementor-widget-container\">\n\t\t\t<iframe src=\"https:\/\/www.google.com\/maps\/embed?pb=!1m18!1m12!1m3!1d2035.9208763935374!2d18.08182811607185!3d59.317578181654774!2m3!1f0!2f0!3f0!3m2!1i1024!2i768!4f13.1!3m3!1m2!1s0x465f77f938727301%3A0x55fcd56a0bd15145!2sH%C3%A4lsans%20Hus!5e0!3m2!1ssv!2sse!4v1623241024079!5m2!1ssv!2sse\" width=\"600\" height=\"450\" style=\"border:0;\" allowfullscreen=\"\" loading=\"lazy\"><\/iframe>\t\t<\/div>\n\t\t\t\t<\/div>\n\t\t\t\t\t<\/div>\n\t\t<\/div>\n\t\t\t\t\t\t\t<\/div>\n\t\t<\/section>\n\t\t\t\t\t\t\t<\/div>\n\t\t","protected":false},"excerpt":{"rendered":"<p>Kontakta mig SG Semantor Suzanne Gieser 004670-2361089 email: sg@gieser.se Find me I have my clinic at H\u00e4lsans Hus (House of &#8230; <\/p>\n<p class=\"read-more-container\"><a title=\"Contact\" class=\"read-more button\" href=\"https:\/\/relational.se\/en\/contact\/#more-63\" aria-label=\"More on Contact\">Read more<\/a><\/p>\n","protected":false},"author":2,"featured_media":0,"parent":0,"menu_order":0,"comment_status":"closed","ping_status":"closed","template":"","meta":{"footnotes":""},"class_list":{"0":"post-63","1":"page","2":"type-page","3":"status-publish","5":"infinite-scroll-item","6":"no-featured-image-padding"},"_links":{"self":[{"href":"https:\/\/relational.se\/en\/wp-json\/wp\/v2\/pages\/63","targetHints":{"allow":["GET"]}}],"collection":[{"href":"https:\/\/relational.se\/en\/wp-json\/wp\/v2\/pages"}],"about":[{"href":"https:\/\/relational.se\/en\/wp-json\/wp\/v2\/types\/page"}],"author":[{"embeddable":true,"href":"https:\/\/relational.se\/en\/wp-json\/wp\/v2\/users\/2"}],"replies":[{"embeddable":true,"href":"https:\/\/relational.se\/en\/wp-json\/wp\/v2\/comments?post=63"}],"version-history":[{"count":1,"href":"https:\/\/relational.se\/en\/wp-json\/wp\/v2\/pages\/63\/revisions"}],"predecessor-version":[{"id":379,"href":"https:\/\/relational.se\/en\/wp-json\/wp\/v2\/pages\/63\/revisions\/379"}],"wp:attachment":[{"href":"https:\/\/relational.se\/en\/wp-json\/wp\/v2\/media?parent=63"}],"curies":[{"name":"wp","href":"https:\/\/api.w.org\/{rel}","templated":true}]}}