{"id":532,"date":"2021-07-12T13:48:54","date_gmt":"2021-07-12T13:48:54","guid":{"rendered":"https:\/\/relational.se\/?page_id=532"},"modified":"2021-07-12T13:50:01","modified_gmt":"2021-07-12T13:50:01","slug":"cookies","status":"publish","type":"page","link":"https:\/\/relational.se\/en\/cookies\/","title":{"rendered":"Cookies"},"content":{"rendered":"\t\t<div data-elementor-type=\"wp-page\" data-elementor-id=\"532\" class=\"elementor elementor-532\">\n\t\t\t\t\t\t\t\t\t<section class=\"elementor-section elementor-top-section elementor-element elementor-element-7350106d elementor-section-boxed elementor-section-height-default elementor-section-height-default\" data-id=\"7350106d\" data-element_type=\"section\">\n\t\t\t\t\t\t<div class=\"elementor-container elementor-column-gap-default\">\n\t\t\t\t\t<div class=\"elementor-column elementor-col-100 elementor-top-column elementor-element elementor-element-2906c50\" data-id=\"2906c50\" data-element_type=\"column\">\n\t\t\t<div class=\"elementor-widget-wrap elementor-element-populated\">\n\t\t\t\t\t\t\t\t<div class=\"elementor-element elementor-element-42df8839 elementor-widget elementor-widget-text-editor\" data-id=\"42df8839\" data-element_type=\"widget\" data-widget_type=\"text-editor.default\">\n\t\t\t\t<div class=\"elementor-widget-container\">\n\t\t\t\t\t\t\t<!-- wp:heading {\"level\":1} -->\n<h1>Vad \u00e4r cookies?<\/h1>\n<!-- \/wp:heading -->\n\n<!-- wp:paragraph -->\n<p>Cookies \u00e4r sm\u00e5 textfiler som lagras i din webbl\u00e4sare av sidor du bes\u00f6ker. De inneh\u00e5ller vanligtvis en hemsida och en identifierare. Cookies hj\u00e4lper till att f\u00f6rb\u00e4ttra din upplevelse medan du navigerar p\u00e5 hemsidan, till exempel genom att komma ih\u00e5g varor du lagt i din varukorg.<\/p>\n<!-- \/wp:paragraph -->\n\n<!-- wp:heading -->\n<h2>Hur och varf\u00f6r vi anv\u00e4nder cookies<\/h2>\n<!-- \/wp:heading -->\n\n<!-- wp:paragraph -->\n<p>Vi anv\u00e4nder cookies f\u00f6r att f\u00f6rb\u00e4ttra din upplevelse genom att komma ih\u00e5g att du har loggat in. Om du fyller i en blankett anv\u00e4nder vi cookies f\u00f6r att komma ih\u00e5g uppgifterna till n\u00e4sta g\u00e5ng.<br><br>Cookies fr\u00e5n tredje part<em><\/em><\/p>\n<!-- \/wp:paragraph -->\n\n<!-- wp:paragraph -->\n<p><br>Vi anv\u00e4nder cookies fr\u00e5n tredje part f\u00f6r att sp\u00e5ra hur du anv\u00e4nder v\u00e5r hemsida, f\u00f6r att till exempel kunna se vilka sidor du bes\u00f6ker och hur l\u00e4nge du \u00e4r p\u00e5 varje sida. Det hj\u00e4lper oss att f\u00e5 en b\u00e4ttre f\u00f6rst\u00e5else av hur folk anv\u00e4nder v\u00e5r sida och hur de kommer in p\u00e5 den, vilket i sin tur hj\u00e4lper oss att skapa b\u00e4ttre kampanjer.<\/p>\n<!-- \/wp:paragraph -->\n\n<!-- wp:heading {\"level\":3} -->\n<h3>Hur man inaktiverar cookies<\/h3>\n<!-- \/wp:heading -->\n\n<!-- wp:paragraph -->\n<p>Du kan f\u00f6rhindra att cookies placeras i dina webbl\u00e4sarinst\u00e4llningar. Detta kan dock p\u00e5verka funktionaliteten hos sidorna du bes\u00f6ker. Cookies p\u00e5 v\u00e5r sida \u00e4r inte n\u00f6dv\u00e4ndiga, men kan f\u00f6rb\u00e4ttra din upplevelse.<br>Om du vill radera cookies i din webbl\u00e4sare h\u00e4nvisar vi till denna guide:&nbsp;<a href=\"https:\/\/pcforalla.idg.se\/2.1054\/1.682569\/cookies-browser\">Hur raderar jag cookies?<\/a><\/p>\n<!-- \/wp:paragraph -->\n\n<!-- wp:heading -->\n<h2>Google cookies<\/h2>\n<!-- \/wp:heading -->\n\n<!-- wp:paragraph -->\n<p>Vi anv\u00e4nder sp\u00e5rningscookies p\u00e5 v\u00e5r sida f\u00f6r att hj\u00e4lpa till att f\u00f6rb\u00e4ttra v\u00e5r hemsida. Vi kan sp\u00e5ra hur du har g\u00e5tt in p\u00e5 v\u00e5r sida och vilka sidor du har bes\u00f6kt.<\/p>\n<!-- \/wp:paragraph -->\t\t\t\t\t\t<\/div>\n\t\t\t\t<\/div>\n\t\t\t\t\t<\/div>\n\t\t<\/div>\n\t\t\t\t\t\t\t<\/div>\n\t\t<\/section>\n\t\t\t\t\t\t\t<\/div>\n\t\t","protected":false},"excerpt":{"rendered":"<p>Vad \u00e4r cookies? Cookies \u00e4r sm\u00e5 textfiler som lagras i din webbl\u00e4sare av sidor du bes\u00f6ker. De inneh\u00e5ller vanligtvis en &#8230; <\/p>\n<p class=\"read-more-container\"><a title=\"Cookies\" class=\"read-more button\" href=\"https:\/\/relational.se\/en\/cookies\/#more-532\" aria-label=\"More on Cookies\">Read more<\/a><\/p>\n","protected":false},"author":2,"featured_media":0,"parent":0,"menu_order":0,"comment_status":"closed","ping_status":"closed","template":"","meta":{"footnotes":""},"class_list":{"0":"post-532","1":"page","2":"type-page","3":"status-publish","5":"infinite-scroll-item","6":"no-featured-image-padding"},"_links":{"self":[{"href":"https:\/\/relational.se\/en\/wp-json\/wp\/v2\/pages\/532","targetHints":{"allow":["GET"]}}],"collection":[{"href":"https:\/\/relational.se\/en\/wp-json\/wp\/v2\/pages"}],"about":[{"href":"https:\/\/relational.se\/en\/wp-json\/wp\/v2\/types\/page"}],"author":[{"embeddable":true,"href":"https:\/\/relational.se\/en\/wp-json\/wp\/v2\/users\/2"}],"replies":[{"embeddable":true,"href":"https:\/\/relational.se\/en\/wp-json\/wp\/v2\/comments?post=532"}],"version-history":[{"count":1,"href":"https:\/\/relational.se\/en\/wp-json\/wp\/v2\/pages\/532\/revisions"}],"predecessor-version":[{"id":533,"href":"https:\/\/relational.se\/en\/wp-json\/wp\/v2\/pages\/532\/revisions\/533"}],"wp:attachment":[{"href":"https:\/\/relational.se\/en\/wp-json\/wp\/v2\/media?parent=532"}],"curies":[{"name":"wp","href":"https:\/\/api.w.org\/{rel}","templated":true}]}}